{"id":223,"date":"2021-06-17T21:11:09","date_gmt":"2021-06-17T21:11:09","guid":{"rendered":"https:\/\/www.smreza.com\/web\/?page_id=223"},"modified":"2026-04-15T17:13:40","modified_gmt":"2026-04-15T17:13:40","slug":"publications","status":"publish","type":"page","link":"https:\/\/www.smreza.com\/profile\/publications\/","title":{"rendered":"Publications"},"content":{"rendered":"\n<div class=\"wp-block-columns is-layout-flex wp-container-core-columns-is-layout-28f84493 wp-block-columns-is-layout-flex\">\n<div class=\"wp-block-column is-layout-flow wp-block-column-is-layout-flow\" style=\"flex-basis:100%\">\n<div class=\"wp-block-group has-global-padding is-layout-constrained wp-block-group-is-layout-constrained\"><\/div>\n<\/div>\n<\/div>\n\n\n\n<h3 class=\"wp-block-heading\" id=\"h.p_vmP4TugrYZ1v\">2026<\/h3>\n\n\n\n<ul class=\"wp-block-list\">\n<li>Y. Abdollahinejad, S. M. Reza, B. Ashwini and A. Mousavi, &#8220;Systematic Literature Review of Machine Learning Methods for Emotion Recognition Using EEG and Physiological Signals in Healthcare,&#8221; in\u00a0<em>IEEE Access<\/em>, doi: 10.1109\/ACCESS.2026.3681521.<br>[ <a href=\"https:\/\/doi.org\/10.1109\/ACCESS.2026.3681521\">DOI<\/a> ] [ <a href=\"https:\/\/ieeexplore.ieee.org\/document\/11475400\">IEEE ACCESS LINK<\/a> ]<\/li>\n\n\n\n<li>Sayed Mohsin Reza, &#8220;Open Inquiry on Open Government Data: A Data-Driven Approach in CS Education for Civic Engagement&#8221;, in AERA 2026<br>[ <a href=\"https:\/\/aera26.ipostersessions.com\/Default.aspx?s=63-71-0A-26-56-2B-E5-1E-49-5C-64-D1-41-7C-C5-DB\">AERA 2026 POSTER Link<\/a> ]<\/li>\n\n\n\n<li>Md Habib Ullah, Sayed Mohsin Reza, Abdullah Al Ahad Khan, Siraj Us Salekin, Ali M. S. Al-Bayati, Bhanu Babaiahgari, David Gonz\u00e1lez Romero, Jes\u00fas Rodr\u00edguez Molina, &#8220;Worldwide Electricity Load Dataset &#8220;, IEEE Dataport, January 1, 2026, doi:10.21227\/k3wd-mp03<br>[ <a href=\"https:\/\/dx.doi.org\/10.21227\/k3wd-mp03\">DOI <\/a>] [ <a href=\"https:\/\/data.mendeley.com\/datasets\/ybggkc58fz\/1\">Mendeley Data<\/a> ] [ <a href=\"https:\/\/ieee-dataport.org\/documents\/worldwide-electricity-load-dataset\" data-type=\"link\" data-id=\"https:\/\/ieee-dataport.org\/documents\/worldwide-electricity-load-dataset\">IEEE DataPort<\/a> ] [ <a href=\"https:\/\/zenodo.org\/records\/18120548\">Zenodo Data<\/a> ]<\/li>\n<\/ul>\n\n\n\n<h3 class=\"wp-block-heading\" id=\"h.p_vmP4TugrYZ1v\">2025<\/h3>\n\n\n\n<ul class=\"wp-block-list\">\n<li>N. V. S. M. Rayabharam, M. M. Rahman, R. Hoque, S. M. Reza and M. F. Kabir, &#8220;Extracting Latent Insights and Tagging Fall Injuries from Clinical Narratives Using Unsupervised Learning,&#8221; 2025 IEEE International Conference on Big Data (BigData), Macau, China, 2025, pp. 8004-8010, doi: 10.1109\/BigData66926.2025.11402491. <br>[ <a href=\"https:\/\/ieeexplore.ieee.org\/abstract\/document\/11402491\">IEEE Link<\/a> ] [ <a href=\"https:\/\/doi.org\/10.1109\/BigData66926.2025.11402491\">DOI <\/a>]<\/li>\n\n\n\n<li><strong>[Journal]<\/strong> Sapan Shah, Dhruv Suraj, Sayed Mohsin Reza, Md Abdur Rahman Bin Abdus Salam, Ali Ashraf, Sheikh Fahad Ferdous, Comparative analysis of deep learning models for defect detection in additive manufacturing using thermal imaging, Results in Engineering, Volume 28, December 2025, 108359, ISSN 2590-1230, <a href=\"https:\/\/doi.org\/10.1016\/j.rineng.2026.109681\">https:\/\/doi.org\/10.1016\/j.rineng.2026.109681<\/a><br>[ <a href=\"https:\/\/doi.org\/10.1016\/j.rineng.2025.108359\">Original DOI<\/a> ][ <a href=\"https:\/\/doi.org\/10.1016\/j.rineng.2026.109681\" data-type=\"link\" data-id=\"https:\/\/doi.org\/10.1016\/j.rineng.2026.109681\">Corrected Proof DOI <\/a>]<\/li>\n\n\n\n<li><strong>[ JOURNAL ]<\/strong> M. H. Ullah, S. M. Reza, L. M. Gundapaneni, P. Balachander, B. Babaiahgari and A. A. A. Khan, &#8220;Descriptor: Unified Cross-Regional Time-Series Day-Ahead Electricity Price Dataset (UniElecPrice),&#8221; in IEEE Data Descriptions, vol. 2, pp. 329-339, 2025, doi: 10.1109\/IEEEDATA.2025.3609683.<br>[ <a href=\"https:\/\/doi.org\/10.1109\/IEEEDATA.2025.3609683\">DOI<\/a> ]<\/li>\n\n\n\n<li>A. Garg, <strong>S. M. Reza<\/strong> and D. Babinski, &#8220;Enhancing ADHD Diagnostic Assessments with Virtual Reality integrated with Biofeedback and Artificial Intelligence,&#8221; 2025 8th International Conference on Information and Computer Technologies (ICICT), Hawaii-Hilo, HI, USA, 2025, pp. 442-447, doi: 10.1109\/ICICT64582.2025.00075.<br>[ <a href=\"https:\/\/doi.org\/10.1109\/ICICT64582.2025.00075\" data-type=\"link\" data-id=\"https:\/\/doi.org\/10.1109\/ICICT64582.2025.00075\">DOI<\/a> ]<\/li>\n\n\n\n<li>Mall, S., Reza, S., Tran, T.K., Nguyen, H. (2025). Enhancing Knowledge Base Completion for Long-Tail Entities Through Zero-Shot Learning. In: Hassanien, A.E., Anand, S., Jaiswal, A., Kumar, P. (eds) Innovative Computing and Communications. ICICC 2025. Lecture Notes in Networks and Systems, vol 1439. Springer, Singapore. https:\/\/doi.org\/10.1007\/978-981-96-7137-3_37  <span class=\"has-inline-color has-vivid-red-color\"><strong>[ ** Best Paper Award ** ]<\/strong><\/span><br>[ <a href=\"https:\/\/link.springer.com\/chapter\/10.1007\/978-981-96-7137-3_37\">SpringerLink<\/a> ] [ <a href=\"https:\/\/doi.org\/10.1007\/978-981-96-7137-3_37\">DOI <\/a>]<\/li>\n<\/ul>\n\n\n\n<h3 class=\"wp-block-heading\" id=\"h.p_vmP4TugrYZ1v\">2024<\/h3>\n\n\n\n<ul class=\"wp-block-list\">\n<li>S. M. Reza, A. Garg, M. A. Johnson, A. Barany, A. Acquah and J. T. Walker, &#8220;Empowering K-12 Students Through Open Inquiry on Open Government Data: A Data-Driven Approach in CS Education,&#8221; 2024 IEEE Frontiers in Education Conference (FIE), Washington, DC, USA, 2024, pp. 1-7, doi: 10.1109\/FIE61694.2024.10892966.<br>[ <a href=\"https:\/\/doi.org\/10.1109\/FIE61694.2024.10892966\">DOI<\/a> ]<\/li>\n\n\n\n<li>S. B R, P. M and S. M. Reza, &#8220;Spatial Urban Change and Trend Analysis of Davanagere City Boundary Between 2000 \u2013 2020,&#8221; 2024 IEEE International Conference on Distributed Computing, VLSI, Electrical Circuits and Robotics (DISCOVER), Mangalore, India, 2024, pp. 58-64, doi: 10.1109\/DISCOVER62353.2024.10750753. <br>[ <a href=\"https:\/\/doi.org\/10.1109\/DISCOVER62353.2024.10750753\">DOI <\/a>]<\/li>\n\n\n\n<li><strong>[ JOURNAL ]<\/strong> Amanda Barany,&nbsp;Andi Danielle Scarola,&nbsp;Alex Acquah,&nbsp;Sayed Mohsin Reza,&nbsp;Michael A. Johnson,&nbsp;Justice Walker; Learning designs that empower: navigating sandbox data science at the intersection of computing, big data and social media.&nbsp;<em><em>Information and Learning Sciences<\/em><\/em>&nbsp;28 October 2024; 125 (10): 794\u2013812.&nbsp;<a href=\"https:\/\/doi.org\/10.1108\/ILS-12-2023-0211\" target=\"_blank\" rel=\"noreferrer noopener\">https:\/\/doi.org\/10.1108\/ILS-12-2023-0211<\/a><\/li>\n\n\n\n<li><strong>[ Book Chapter ]<\/strong> Justice T. Walker, Amanda Barany, Alan Barrera, Michael A. Johnson, Sayed Mohsin Reza (2024). Perspectives on Research and Practice in and Around Cultural Relevance for Pre-College Data Science in Computing. Routledge. https:\/\/doi.org\/10.4324\/9781003364634<br>[ <a href=\"https:\/\/doi.org\/10.4324\/9781003364634\">DOI<\/a> ] [ <a href=\"https:\/\/www.taylorfrancis.com\/chapters\/edit\/10.4324\/9781003364634-2\/perspectives-research-practice-around-cultural-relevance-pre-college-data-science-computing-justice-walker-amanda-barany-alan-barrera-michael-johnson-sayed-mohsin-reza?context=ubx&amp;refId=16548e8c-a01b-4385-bad6-4295d5ee1308\">Chapter Link<\/a> ]<\/li>\n\n\n\n<li><strong>[ JOURNAL ]<\/strong> Justice Toshiba Walker, Amanda Barany, Alex Acquah, Sayed Mohsin Reza, Karen Guzman, Michael Johnson, Omar Badreldin, and Alan Barrera. 2024. Sandbox Data Science: Culturally Relevant K-12 Computing. In EngageCSEdu. 2024. 7 pages. https:\/\/doi.org\/10.1145\/3631986 <\/li>\n\n\n\n<li>Michael A. Johnson1, Amanda Barany2, Alan Barrera3, Alex Acquah3, Sayed Reza4, Justice Walker, &#8220;Coding Like a Data Miner: Reflections on Epistemic Plurality in Sandbox Data Science with Youth&#8221;, AERA 2024<br>[ <a href=\"https:\/\/aera24-aera.ipostersessions.com\/Default.aspx?s=20-92-1E-6E-3B-66-1A-46-A7-2F-8E-96-F3-CA-1F-2B\">AERA 2024 Presentation Link<\/a> ]<\/li>\n<\/ul>\n\n\n\n<h3 class=\"wp-block-heading\" id=\"h.p_vmP4TugrYZ1v\">2023<\/h3>\n\n\n\n<ul class=\"wp-block-list\">\n<li>J. T. Walker et al., &#8220;Coding Like a Data Miner: A Sandbox Approach to Computing-Based Data Science for High School Student Learning,&#8221; 2023 IEEE Frontiers in Education Conference (FIE), College Station, TX, USA, 2023, pp. 1-5, doi: 10.1109\/FIE58773.2023.10343283. <br>[ <a href=\"https:\/\/doi.org\/10.1109\/FIE58773.2023.10343283\">DOI <\/a>]<\/li>\n\n\n\n<li>Sayed Mohsin Reza, &#8220;Analyzing Software Maintenance Through Machine Learning and Mining Software Repositories Approaches&#8221;<br>[ <a href=\"https:\/\/scholarworks.utep.edu\/open_etd\/3844\">URL<\/a> ]<\/li>\n\n\n\n<li><strong>Sayed Reza<\/strong>, Alan Barrera, Michael Johnson, Amanda Barany, Omar Badreddin, Justice Walker. Social and Cultural Relevance: A Design Principle For the Next Generation of Data Science-based Computer Science Education. 2023 American Educational Research Association (AERA) Annual Meeting, 2023<br>[ <a href=\"https:\/\/smreza.com\/publications\/aera_2023_reza.pdf\" target=\"_blank\" rel=\"noreferrer noopener\">PRE-PRINT PDF<\/a> ]<\/li>\n\n\n\n<li>Justice Walker, Alan Barrera,&nbsp;<strong>Sayed Reza<\/strong>, Amanda Barany, Omar Badreddin, and Michael Johnson.&nbsp;Coding Like a Data Miner: Stakeholder Reflections about Approaches to High School Data Science Computing Curriculum CoDesign. ISLS Annual Meeting 2023.<\/li>\n\n\n\n<li>Amanda Barany,&nbsp;<strong>Sayed Reza<\/strong>, Michael Johnson, Alan Barrera, Omar Badreddin, Crystal Fuentes and Justice Toshiba Walker.&nbsp;Towards the Design of a Culturally Relevant Curriculum for Equitable, Data Mining-based CS Education.&nbsp;ISLS Annual Meeting 2023.<\/li>\n<\/ul>\n\n\n\n<h3 class=\"wp-block-heading\" id=\"h.p_vmP4TugrYZ1v\">2022<\/h3>\n\n\n\n<ul class=\"wp-block-list\">\n<li><strong>Sayed Mohsin Reza, <\/strong>Saif Uddin Mahmud, Omar Badreddin. G-Issue: Analyzing Lifetime and evolution of Issue-related Artifacts from Open Source Repositories, 2022<br>[ <a href=\"https:\/\/smreza.com\/publications\/gissue-2022.pdf\" target=\"_blank\" rel=\"noreferrer noopener\">PRE-PRINT PDF<\/a> ]<\/li>\n\n\n\n<li>Saif Uddin Mahmud<strong>, Sayed Mohsin Reza, <\/strong>Khandoker Rahad, Omar Badreddin. Recent Trends of Machine Learning Algorithms on Code Smell Detection: A Systematic Literature Review. Accepted for publication in the Journal of Software Practice and Experience, 2022<br>[ PRE-PRINT PDF ]<\/li>\n\n\n\n<li><strong>Reza, Sayed Mohsin;<\/strong> Mahmud, Saif Uddin; Rahad, Khandoker; Badreddin, Omar (2022), \u201cCSIQ: A Synthesized Dataset of Code Smells, Issues and Quality related Artifacts from Open Source Repositories\u201d, Mendeley Data, DOI: 10.17632\/77p6rzb73n<br>[ <a href=\"https:\/\/data.mendeley.com\/datasets\/77p6rzb73n\">DOI<\/a> ]<br><\/li>\n<\/ul>\n\n\n\n<h3 class=\"wp-block-heading\" id=\"h.p_vmP4TugrYZ1v\">2021<\/h3>\n\n\n\n<ul class=\"wp-block-list\">\n<li><strong>Sayed Mohsin Reza,<\/strong> Md Al Masum Bhuiyan, Nishat Tasnim. A convolution neural network with encoder-decoder applied to the study of Bengali letters classification[J]. Big Data and Information Analytics, 2021, 6: 41-55. doi: 10.3934\/bdia.2021004<br>[ <a href=\"https:\/\/smreza.com\/publications\/bdia-2021.pdf\" target=\"_blank\" rel=\"noreferrer noopener\">PDF<\/a> ] [ <a href=\"https:\/\/doi.org\/10.3934\/bdia.2021004\" target=\"_blank\" rel=\"noreferrer noopener\">DOI<\/a> ] [ <a href=\"http:\/\/www.aimspress.com\/article\/doi\/10.3934\/bdia.2021004\" target=\"_blank\" rel=\"noreferrer noopener\">LINK<\/a> ]<\/li>\n\n\n\n<li>K. Rahad, O. Badreddin, and S. Reza, \u201cThe Human in MDE Loop: A Case Study on Integrating Handwritten Code in Model-Driven Engineering Repositories&#8221; Accepted for publication at the Journal of Software Practice and Experience, 2021.<br>[ <a href=\"https:\/\/smreza.com\/publications\/spe-2021.pdf\" target=\"_blank\" rel=\"noreferrer noopener\">PDF<\/a> ] [ <a href=\"http:\/\/www.google.com\/url?q=http%3A%2F%2Fdoi.org%2F10.1002%2Fspe.2957&amp;sa=D&amp;sntz=1&amp;usg=AFQjCNFOwnUtLmp8jf6xQTUQ8jsWBRCw1Q\" target=\"_blank\" rel=\"noreferrer noopener\">DOI<\/a> ] [ <a href=\"https:\/\/www.google.com\/url?q=https%3A%2F%2Fonlinelibrary.wiley.com%2Fdoi%2F10.1002%2Fspe.2957&amp;sa=D&amp;sntz=1&amp;usg=AFQjCNExaq1CrgQUP_ROjsEO_RihgEgZRw\" target=\"_blank\" rel=\"noreferrer noopener\">Wiley Library<\/a> ]<\/li>\n\n\n\n<li>Rahad, K.; Badreddin, O. and Reza, S. (2021). Characterization of Software Design and Collaborative Modeling in Open Source Projects. In <em>Proceedings of the 9th International Conference on Model-Driven Engineering and Software Development &#8211; Volume 1: MODELSWARD,<\/em> ISBN 978-989-758-487-9, pages 254-261. DOI: 10.5220\/0010266802540261<br>[ <a href=\"https:\/\/smreza.com\/publications\/modelsward-2021.pdf\" target=\"_blank\" rel=\"noreferrer noopener\">PDF<\/a> ][ <a href=\"http:\/\/www.google.com\/url?q=http%3A%2F%2Fdoi.org%2F10.5220%2F0010266802540261&amp;sa=D&amp;sntz=1&amp;usg=AFQjCNF2xAr-Ye81v37htEEI3YYG55ppPw\" target=\"_blank\" rel=\"noreferrer noopener\">DOI <\/a>] [ <a href=\"https:\/\/www.google.com\/url?q=https%3A%2F%2Fwww.scitepress.org%2FLink.aspx%3Fdoi%3D10.5220%2F0010266802540261&amp;sa=D&amp;sntz=1&amp;usg=AFQjCNEZlSUt0N51BrSdvmj7QfgM-57f2A\" target=\"_blank\" rel=\"noreferrer noopener\">MODELSWARD Link<\/a> ]<\/li>\n<\/ul>\n\n\n\n<h3 class=\"wp-block-heading\" id=\"h.uc1hhhsz7gah\">2020<\/h3>\n\n\n\n<ul class=\"wp-block-list\">\n<li><strong>Reza, Sayed Mohsin;<\/strong> Badreddin, Omar (2020), \u201cSoftware Quality and Code Metrics Dataset \u201d, Mendeley Data, V1, DOI: 10.17632\/77p6rzb73n.1<br>[ <a href=\"http:\/\/www.google.com\/url?q=http%3A%2F%2Fdx.doi.org%2F10.17632%2F77p6rzb73n.1&amp;sa=D&amp;sntz=1&amp;usg=AFQjCNHQcI6HT8PrpapT3MnKpvaWwo9Xog\" target=\"_blank\" rel=\"noreferrer noopener\">DOI<\/a> ] <\/li>\n\n\n\n<li><strong>Sayed Mohsin Reza<\/strong>, Omar Badreddin, and Khandoker Rahad. ModelMine: A Tool to Facilitate Mining Models from Open Source Repositories. In 2020 ACM\/IEEE 23rdInternational Conference on Model Driven Engineering Languages and Systems(MODELS). ACM, 2020<br>[ <a href=\"https:\/\/smreza.com\/publications\/models-2020.pdf\" target=\"_blank\" rel=\"noreferrer noopener\">PDF<\/a> ] [ <a href=\"https:\/\/www.google.com\/url?q=https%3A%2F%2Fdl.acm.org%2Fdoi%2F10.1145%2F3417990.3422006&amp;sa=D&amp;sntz=1&amp;usg=AFQjCNEBcQEsqopWMvAWSaFwPHT68ZhAEg\" target=\"_blank\" rel=\"noreferrer noopener\">DOI <\/a>] [ <a href=\"https:\/\/youtu.be\/luUE7m2RyHs?t=2460\" target=\"_blank\" rel=\"noreferrer noopener\">Presentation<\/a> ] [ <a href=\"https:\/\/www.google.com\/url?q=https%3A%2F%2Flink.growkudos.com%2F1kikdc9w2yo&amp;sa=D&amp;sntz=1&amp;usg=AFQjCNEjg3BUEzUcfojEr9wWzYBDjs5Sxw\" target=\"_blank\" rel=\"noreferrer noopener\">GrowKudos Link<\/a> ]<\/li>\n<\/ul>\n\n\n\n<ul class=\"wp-block-list\">\n<li><strong>Sayed Moshin Reza,<\/strong> Md. Mahfujur Rahman, Hasnat Parvez, OmarBadreddin, and Shamim Al Mamun. <em>Performance Analysis of Machine Learning Approaches in Software Complexity Prediction<\/em>. In 2020 International Conference on Trends in Computational and Cognitive Engineering (TCCE), Springer, 2020.<br>[ <a href=\"https:\/\/smreza.com\/publications\/tcce-2020.pdf\" target=\"_blank\" rel=\"noreferrer noopener\">PDF <\/a>][ <a href=\"https:\/\/www.google.com\/url?q=https%3A%2F%2Flink.springer.com%2Fchapter%2F10.1007%2F978-981-33-4673-4_3&amp;sa=D&amp;sntz=1&amp;usg=AFQjCNFJ31NQ9X-X3iogBlyAbD_MZM9CXg\" target=\"_blank\" rel=\"noreferrer noopener\">Springer Link<\/a> ] [ <a href=\"https:\/\/www.youtube.com\/watch?v=OOG1FBBtjBQ\" target=\"_blank\" rel=\"noreferrer noopener\">Presentation Video<\/a> ] [ <a href=\"https:\/\/www.google.com\/url?q=https%3A%2F%2Fwww2.slideshare.net%2FSayedMohsinReza%2Fperformance-analysis-of-machine-learning-approaches-in-software-complexity-prediction-by-sayed-mohsin-reza-at-tcce-2020-conference&amp;sa=D&amp;sntz=1&amp;usg=AFQjCNGH8-1EcB7-bNaUqUxI6DUjpy2XQA\" target=\"_blank\" rel=\"noreferrer noopener\">Presentation PPT<\/a> ]<\/li>\n<\/ul>\n\n\n\n<h3 class=\"wp-block-heading\" id=\"h.ov241ahgd9y3\">2018<\/h3>\n\n\n\n<ul class=\"wp-block-list\">\n<li>Transue, S., <strong>Reza, S.M.<\/strong>, Halbower, A.C. and Choi, M.H., 2018, March. Behavioral analysis of turbulent exhale flows. In <em>2018 IEEE EMBS International Conference on Biomedical &amp; Health Informatics (BHI)<\/em> (pp. 42-45). IEEE. <span class=\"has-inline-color has-vivid-red-color\"><strong>[ ** Best Paper Award ** ]<\/strong><\/span><br>[ <a href=\"https:\/\/graphics.ucdenver.edu\/publications\/Behavioral-Analysisof-Turbulent-Exhale-Flows-BHI-Exhale-2018.pdf\" target=\"_blank\" rel=\"noreferrer noopener\">PDF<\/a> ] [ <a href=\"https:\/\/www.youtube.com\/embed\/6052zUSVS4w\" target=\"_blank\" rel=\"noreferrer noopener\">YouTube<\/a> ] [ <a href=\"https:\/\/www.youtube.com\/embed\/8gzPPkPUzDg\" target=\"_blank\" rel=\"noreferrer noopener\">YouTube2<\/a> ] [ <a href=\"https:\/\/www.google.com\/url?q=https%3A%2F%2Fbhi-bsn.embs.org%2F2018%2Fpaper-and-poster-awards%2F&amp;sa=D&amp;sntz=1&amp;usg=AFQjCNHTNNHxPzKPxdfIlMKKOuzuzo4V3g\" target=\"_blank\" rel=\"noreferrer noopener\">Best Paper Award<\/a> ]<\/li>\n<\/ul>\n\n\n\n<h3 class=\"wp-block-heading\" id=\"h.p__8wC4KUVYHJQ\">2017<\/h3>\n\n\n\n<ul class=\"wp-block-list\">\n<li><mark style=\"background-color:rgba(0, 0, 0, 0)\" class=\"has-inline-color has-vivid-purple-color\">[Journal Publications]<\/mark><strong><mark style=\"background-color:rgba(0, 0, 0, 0)\" class=\"has-inline-color has-vivid-cyan-blue-color\"> <\/mark><\/strong>Parvez, M. H., Khatun, M. M., <strong>Reza, S. M.<\/strong>, Rahman, M. M. and Patwary, M. F. K. (2017) \u201cPrediction of Potential Future IT Personnel in Bangladesh using Machine Learning Classifier\u201d, <em>Global Disclosure of Economics and Business<\/em>, 6(1), pp. 7-18. DOI: 10.18034\/gdeb.v6i1.112.<br>[ <a href=\"https:\/\/smreza.com\/publications\/gdeb-2017.pdf\" target=\"_blank\" rel=\"noreferrer noopener\">PDF<\/a> ] [ <a href=\"https:\/\/doi.org\/10.18034\/gdeb.v6i1.112.\" target=\"_blank\" rel=\"noreferrer noopener\">DOI<\/a> ]<\/li>\n<\/ul>\n\n\n\n<h3 class=\"wp-block-heading\" id=\"h.p_lhl2Yy7qYkbQ\">2016<\/h3>\n\n\n\n<ul class=\"wp-block-list\">\n<li>Mohsin, S. (2016). Activity-based New Technique of Effort &amp; Cost Estimation using Functional Measurement Type for Web Application. Masters Thesis, Jahangirnagar University. https:\/\/doi.org\/10.13140\/RG.2.2.34177.68965<br>[ <a href=\"https:\/\/doi.org\/10.13140\/RG.2.2.34177.68965\" target=\"_blank\" rel=\"noreferrer noopener\">DOI<\/a> ]<\/li>\n\n\n\n<li>Paul, M.C., Sarkar, S., Rahman, M.M.,<strong> Reza, S.M.<\/strong>, and Kaiser, M.S., 2016, January. Low cost and portable patient monitoring system for e-Health services in Bangladesh. In <em>2016 International Conference on Computer Communication and Informatics (ICCCI)<\/em> (pp. 1-4). IEEE.<br>[ <a href=\"https:\/\/smreza.com\/publications\/iccci-2016.pdf\" target=\"_blank\" rel=\"noreferrer noopener\">PDF<\/a> ] [ <a href=\"https:\/\/ieeexplore.ieee.org\/document\/7479974\/\" target=\"_blank\" rel=\"noreferrer noopener\">IEEE Link<\/a> ]<\/li>\n<\/ul>\n\n\n\n<ul class=\"wp-block-list\">\n<li>Rahman, S., Sharma, T., <strong>Reza, S.M.<\/strong>, Rahman, M.M., and Kaiser, M.S., 2016, December. PSO-NF based vertical handoff decision for ubiquitous heterogeneous wireless network (UHWN). In <em>2016 International Workshop on Computational Intelligence (IWCI)<\/em> (pp. 153-158). IEEE.<br>[ <a href=\"https:\/\/smreza.com\/publications\/iwci-2016.pdf\" target=\"_blank\" rel=\"noreferrer noopener\">PDF<\/a> ] [ <a href=\"https:\/\/ieeexplore.ieee.org\/abstract\/document\/7860357\" target=\"_blank\" rel=\"noreferrer noopener\">IEEE<\/a> ]<\/li>\n<\/ul>\n\n\n\n<h3 class=\"wp-block-heading\" id=\"h.p_5cza9exwYnlS\">2015<\/h3>\n\n\n\n<ul class=\"wp-block-list\">\n<li><strong>Reza, S.M., <\/strong>Rahman, M.M., Parvez, M.H., Kaiser, M.S., and Al Mamun, S., 2015, May. Innovative approach in web application effort &amp; cost estimation using functional measurement type. In <em>2015 International Conference on Electrical Engineering and Information Communication Technology (ICEEICT)<\/em> (pp. 1-7). IEEE.<br>[ <a href=\"https:\/\/smreza.com\/publications\/iceeict-2015.pdf\" target=\"_blank\" rel=\"noreferrer noopener\">PDF<\/a> ] [ <a href=\"https:\/\/ieeexplore.ieee.org\/document\/7307462\" target=\"_blank\" rel=\"noreferrer noopener\">IEEE<\/a> ]<\/li>\n<\/ul>\n\n\n\n<h3 class=\"wp-block-heading\" id=\"h.p_SzfHzdqlYotX\">2014<\/h3>\n\n\n\n<ul class=\"wp-block-list\">\n<li><mark style=\"background-color:rgba(0, 0, 0, 0)\" class=\"has-inline-color has-vivid-purple-color\">[Journal Publications]<\/mark><strong> Sayed Mohsin Reza<\/strong>, Md. Mahfujur Rahman, Shamim Al Mamun, and M Manjur Mahmud, A New Approach of Big Data collaboration for Road Traffic Networks considering Path Loss Analysis in context of Bangladesh. JU Journal Of Information Technology (JUJIT), VOLUME 3, JUNE 2014.<br>[ <a href=\"https:\/\/smreza.com\/publications\/jujit-2014.pdf\" target=\"_blank\" rel=\"noreferrer noopener\">PDF<\/a> ] [ <a href=\"http:\/\/www.google.com\/url?q=http%3A%2F%2Fwww.juniv.edu%2Fjujit%2Fvolume-3%2F&amp;sa=D&amp;sntz=1&amp;usg=AFQjCNGUbY5uKa66bQYoFje1jJsif9ctHw\" target=\"_blank\" rel=\"noreferrer noopener\">IEEE<\/a> ]<\/li>\n<\/ul>\n\n\n\n<ul class=\"wp-block-list\">\n<li><strong>Reza, S.M., <\/strong>Rahman, M.M., and Al Mamun, S., 2014, April. A new approach for road networks &#8211; A vehicle XML device collaboration with big data. In <em>2014 International Conference on Electrical Engineering and Information &amp; Communication Technology<\/em> (pp. 1-5). IEEE.<br>[ <a href=\"https:\/\/smreza.com\/publications\/iceeict-2014.pdf\" target=\"_blank\" rel=\"noreferrer noopener\">PDF<\/a> ] [ <a href=\"http:\/\/www.google.com\/url?q=http%3A%2F%2Fieeexplore.ieee.org%2Fdocument%2F6919153%2F&amp;sa=D&amp;sntz=1&amp;usg=AFQjCNF6Me7AFh4LhY2L6d_T0aAwK5h6Tw\" target=\"_blank\" rel=\"noreferrer noopener\">IEEE<\/a> ]<\/li>\n<\/ul>\n\n\n\n<h3 class=\"wp-block-heading\" id=\"h.p_HocCLfIjZAF5\">2013<\/h3>\n\n\n\n<ul class=\"wp-block-list\">\n<li><strong>Sayed Mohsin Reza<\/strong> and Khandoker Abdul Rahad, A Study on Network Security Services with Cryptography and an Implementation of Vigenere-Multiplicative Cipher. Proceedings of the Workshop on Information and Communication Technology, IUT, Dhaka, Bangladesh, October 2013.<br>[ <a href=\"https:\/\/smreza.com\/publications\/wict-2013.pdf\" target=\"_blank\" rel=\"noreferrer noopener\">PDF<\/a> ] <\/li>\n<\/ul>\n\n\n\n<p><\/p>\n","protected":false},"excerpt":{"rendered":"<p>2026 2025 2024 2023 2022 2021 2020 2018 2017 2016 2015 2014 2013<\/p>\n","protected":false},"author":1,"featured_media":0,"parent":0,"menu_order":0,"comment_status":"closed","ping_status":"closed","template":"","meta":{"_monsterinsights_skip_tracking":false,"_monsterinsights_sitenote_active":false,"_monsterinsights_sitenote_note":"","_monsterinsights_sitenote_category":0,"footnotes":""},"class_list":["post-223","page","type-page","status-publish","hentry"],"rttpg_featured_image_url":null,"rttpg_author":{"display_name":"Sayed Mohsin Reza","author_link":"https:\/\/www.smreza.com\/profile\/author\/smreza\/"},"rttpg_comment":0,"rttpg_category":null,"rttpg_excerpt":"2026 2025 2024 2023 2022 2021 2020 2018 2017 2016 2015 2014 2013","_links":{"self":[{"href":"https:\/\/www.smreza.com\/profile\/wp-json\/wp\/v2\/pages\/223","targetHints":{"allow":["GET"]}}],"collection":[{"href":"https:\/\/www.smreza.com\/profile\/wp-json\/wp\/v2\/pages"}],"about":[{"href":"https:\/\/www.smreza.com\/profile\/wp-json\/wp\/v2\/types\/page"}],"author":[{"embeddable":true,"href":"https:\/\/www.smreza.com\/profile\/wp-json\/wp\/v2\/users\/1"}],"replies":[{"embeddable":true,"href":"https:\/\/www.smreza.com\/profile\/wp-json\/wp\/v2\/comments?post=223"}],"version-history":[{"count":53,"href":"https:\/\/www.smreza.com\/profile\/wp-json\/wp\/v2\/pages\/223\/revisions"}],"predecessor-version":[{"id":935,"href":"https:\/\/www.smreza.com\/profile\/wp-json\/wp\/v2\/pages\/223\/revisions\/935"}],"wp:attachment":[{"href":"https:\/\/www.smreza.com\/profile\/wp-json\/wp\/v2\/media?parent=223"}],"curies":[{"name":"wp","href":"https:\/\/api.w.org\/{rel}","templated":true}]}}